{"id":3114,"date":"2020-04-24T08:22:24","date_gmt":"2020-04-24T08:22:24","guid":{"rendered":"https:\/\/laurent.qodeinteractive.com\/elementor\/?page_id=3114"},"modified":"2023-07-28T08:55:44","modified_gmt":"2023-07-28T08:55:44","slug":"en-unlu-eserleri","status":"publish","type":"page","link":"https:\/\/semsibelli.com.tr\/index.php\/en-unlu-eserleri\/","title":{"rendered":"En \u00fcnl\u00fc eserleri"},"content":{"rendered":"\t\t<div data-elementor-type=\"wp-page\" data-elementor-id=\"3114\" class=\"elementor elementor-3114\">\n\t\t\t\t\t\t<section class=\"elementor-section elementor-top-section elementor-element elementor-element-7ebb79e elementor-section-full_width elementor-section-height-default elementor-section-height-default eltdf-parallax-row-no eltdf-content-aligment-left eltdf-elementor-row-grid-no eltdf-disabled-bg-image-bellow-no\" data-id=\"7ebb79e\" data-element_type=\"section\">\n\t\t\t\t\t\t<div class=\"elementor-container elementor-column-gap-default\">\n\t\t\t\t\t<div class=\"elementor-column elementor-col-100 elementor-top-column elementor-element elementor-element-7b16efc\" data-id=\"7b16efc\" data-element_type=\"column\">\n\t\t\t<div class=\"elementor-widget-wrap elementor-element-populated\">\n\t\t\t\t\t\t<div class=\"elementor-element elementor-element-0d07861 elementor-widget elementor-widget-eltdf_vertical_split_slider\" data-id=\"0d07861\" data-element_type=\"widget\" data-widget_type=\"eltdf_vertical_split_slider.default\">\n\t\t\t\t<div class=\"elementor-widget-container\">\n\t\t\t\t\t        <div class=\"eltdf-vertical-split-slider \">\n            <div class=\"eltdf-vss-ms-left\">\n                <div class=\"eltdf-vss-ms-section eltdf-vss-1376\" data-item-class=\"eltdf-vss-1376\" data-item-padding-1440=\"0 24%\" data-item-padding-1024=\"0 27.7%\" data-item-padding-480=\"0 9%\" style=\"background-image: url(https:\/\/semsibelli.com.tr\/wp-content\/uploads\/2023\/07\/semsi-belli-hayati-eserleri-kimdir-semsibellicomtr7.jpg);padding: 0 32%;text-align: center\">\n    \t\t<div data-elementor-type=\"section\" data-elementor-id=\"3132\" class=\"elementor elementor-3132\">\n\t\t\t\t\t\t<section class=\"elementor-section elementor-top-section elementor-element elementor-element-2918fa9 elementor-section-boxed elementor-section-height-default elementor-section-height-default eltdf-parallax-row-no eltdf-content-aligment-left eltdf-elementor-row-grid-no eltdf-disabled-bg-image-bellow-no\" data-id=\"2918fa9\" data-element_type=\"section\" data-settings=\"{&quot;background_background&quot;:&quot;classic&quot;}\">\n\t\t\t\t\t\t<div class=\"elementor-container elementor-column-gap-default\">\n\t\t\t\t\t<div class=\"elementor-column elementor-col-100 elementor-top-column elementor-element elementor-element-3db309d\" data-id=\"3db309d\" data-element_type=\"column\">\n\t\t\t<div class=\"elementor-widget-wrap elementor-element-populated\">\n\t\t\t\t\t\t<div class=\"elementor-element elementor-element-0b2c543 elementor-widget elementor-widget-eltdf_custom_font\" data-id=\"0b2c543\" data-element_type=\"widget\" data-widget_type=\"eltdf_custom_font.default\">\n\t\t\t\t<div class=\"elementor-widget-container\">\n\t\t\t\t\t<h5 class=\"eltdf-custom-font-holder  eltdf-cf-4566  \" style=\"font-size: 29px;font-weight: 400;font-style: normal;letter-spacing: 0px;text-transform: none;text-align: center;margin: 0;transform: rotate(-12deg);-webkit-transform: rotate(-12deg);-ms-transform: rotate(-12deg)\" data-item-class=\"eltdf-cf-4566\">\n\t\u015eark\u0131 S\u00f6zleri<\/h5>\t\t\t\t<\/div>\n\t\t\t\t<\/div>\n\t\t\t\t<div class=\"elementor-element elementor-element-edce40b elementor-widget__width-auto elementor-widget elementor-widget-eltdf_button\" data-id=\"edce40b\" data-element_type=\"widget\" data-widget_type=\"eltdf_button.default\">\n\t\t\t\t<div class=\"elementor-widget-container\">\n\t\t\t\t\t<a itemprop=\"url\" href=\"https:\/\/laurent.qodeinteractive.com\/elementor\/product\/chicken-file\/\" target=\"_blank\"  class=\"eltdf-btn eltdf-btn-medium eltdf-btn-outline\"  >\n        <span class=\"eltdf-btn-text\">\u0130ncele<\/span>\n        <\/a>\t\t\t\t<\/div>\n\t\t\t\t<\/div>\n\t\t\t\t\t<\/div>\n\t\t<\/div>\n\t\t\t\t\t<\/div>\n\t\t<\/section>\n\t\t\t\t<\/div>\n\t\t<\/div><div class=\"eltdf-vss-ms-section eltdf-vss-5091\" data-item-class=\"eltdf-vss-5091\" data-item-padding-1440=\"0 24%\" data-item-padding-1024=\"0 27.7%\" data-item-padding-480=\"0 9%\" style=\"background-image: url(https:\/\/semsibelli.com.tr\/wp-content\/uploads\/2019\/12\/Split-screen-img-3.jpg);padding: 0 32%;text-align: center\">\n    \t\t<div data-elementor-type=\"section\" data-elementor-id=\"3132\" class=\"elementor elementor-3132\">\n\t\t\t\t\t\t<section class=\"elementor-section elementor-top-section elementor-element elementor-element-2918fa9 elementor-section-boxed elementor-section-height-default elementor-section-height-default eltdf-parallax-row-no eltdf-content-aligment-left eltdf-elementor-row-grid-no eltdf-disabled-bg-image-bellow-no\" data-id=\"2918fa9\" data-element_type=\"section\" data-settings=\"{&quot;background_background&quot;:&quot;classic&quot;}\">\n\t\t\t\t\t\t<div class=\"elementor-container elementor-column-gap-default\">\n\t\t\t\t\t<div class=\"elementor-column elementor-col-100 elementor-top-column elementor-element elementor-element-3db309d\" data-id=\"3db309d\" data-element_type=\"column\">\n\t\t\t<div class=\"elementor-widget-wrap elementor-element-populated\">\n\t\t\t\t\t\t<div class=\"elementor-element elementor-element-0b2c543 elementor-widget elementor-widget-eltdf_custom_font\" data-id=\"0b2c543\" data-element_type=\"widget\" data-widget_type=\"eltdf_custom_font.default\">\n\t\t\t\t<div class=\"elementor-widget-container\">\n\t\t\t\t\t<h5 class=\"eltdf-custom-font-holder  eltdf-cf-6689  \" style=\"font-size: 29px;font-weight: 400;font-style: normal;letter-spacing: 0px;text-transform: none;text-align: center;margin: 0;transform: rotate(-12deg);-webkit-transform: rotate(-12deg);-ms-transform: rotate(-12deg)\" data-item-class=\"eltdf-cf-6689\">\n\t\u015eark\u0131 S\u00f6zleri<\/h5>\t\t\t\t<\/div>\n\t\t\t\t<\/div>\n\t\t\t\t<div class=\"elementor-element elementor-element-edce40b elementor-widget__width-auto elementor-widget elementor-widget-eltdf_button\" data-id=\"edce40b\" data-element_type=\"widget\" data-widget_type=\"eltdf_button.default\">\n\t\t\t\t<div class=\"elementor-widget-container\">\n\t\t\t\t\t<a itemprop=\"url\" href=\"https:\/\/laurent.qodeinteractive.com\/elementor\/product\/chicken-file\/\" target=\"_blank\"  class=\"eltdf-btn eltdf-btn-medium eltdf-btn-outline\"  >\n        <span class=\"eltdf-btn-text\">\u0130ncele<\/span>\n        <\/a>\t\t\t\t<\/div>\n\t\t\t\t<\/div>\n\t\t\t\t\t<\/div>\n\t\t<\/div>\n\t\t\t\t\t<\/div>\n\t\t<\/section>\n\t\t\t\t<\/div>\n\t\t<\/div><div class=\"eltdf-vss-ms-section eltdf-vss-9268\" data-item-class=\"eltdf-vss-9268\" data-item-padding-1440=\"0 24%\" data-item-padding-1024=\"0 27.7%\" data-item-padding-480=\"0 9%\" style=\"background-image: url(https:\/\/semsibelli.com.tr\/wp-content\/uploads\/2019\/12\/Split-screen-img-5.jpg);padding: 0 32%;text-align: center\">\n    \t\t<div data-elementor-type=\"section\" data-elementor-id=\"3132\" class=\"elementor elementor-3132\">\n\t\t\t\t\t\t<section class=\"elementor-section elementor-top-section elementor-element elementor-element-2918fa9 elementor-section-boxed elementor-section-height-default elementor-section-height-default eltdf-parallax-row-no eltdf-content-aligment-left eltdf-elementor-row-grid-no eltdf-disabled-bg-image-bellow-no\" data-id=\"2918fa9\" data-element_type=\"section\" data-settings=\"{&quot;background_background&quot;:&quot;classic&quot;}\">\n\t\t\t\t\t\t<div class=\"elementor-container elementor-column-gap-default\">\n\t\t\t\t\t<div class=\"elementor-column elementor-col-100 elementor-top-column elementor-element elementor-element-3db309d\" data-id=\"3db309d\" data-element_type=\"column\">\n\t\t\t<div class=\"elementor-widget-wrap elementor-element-populated\">\n\t\t\t\t\t\t<div class=\"elementor-element elementor-element-0b2c543 elementor-widget elementor-widget-eltdf_custom_font\" data-id=\"0b2c543\" data-element_type=\"widget\" data-widget_type=\"eltdf_custom_font.default\">\n\t\t\t\t<div class=\"elementor-widget-container\">\n\t\t\t\t\t<h5 class=\"eltdf-custom-font-holder  eltdf-cf-7008  \" style=\"font-size: 29px;font-weight: 400;font-style: normal;letter-spacing: 0px;text-transform: none;text-align: center;margin: 0;transform: rotate(-12deg);-webkit-transform: rotate(-12deg);-ms-transform: rotate(-12deg)\" data-item-class=\"eltdf-cf-7008\">\n\t\u015eark\u0131 S\u00f6zleri<\/h5>\t\t\t\t<\/div>\n\t\t\t\t<\/div>\n\t\t\t\t<div class=\"elementor-element elementor-element-edce40b elementor-widget__width-auto elementor-widget elementor-widget-eltdf_button\" data-id=\"edce40b\" data-element_type=\"widget\" data-widget_type=\"eltdf_button.default\">\n\t\t\t\t<div class=\"elementor-widget-container\">\n\t\t\t\t\t<a itemprop=\"url\" href=\"https:\/\/laurent.qodeinteractive.com\/elementor\/product\/chicken-file\/\" target=\"_blank\"  class=\"eltdf-btn eltdf-btn-medium eltdf-btn-outline\"  >\n        <span class=\"eltdf-btn-text\">\u0130ncele<\/span>\n        <\/a>\t\t\t\t<\/div>\n\t\t\t\t<\/div>\n\t\t\t\t\t<\/div>\n\t\t<\/div>\n\t\t\t\t\t<\/div>\n\t\t<\/section>\n\t\t\t\t<\/div>\n\t\t<\/div><div class=\"eltdf-vss-ms-section eltdf-vss-2850\" data-item-class=\"eltdf-vss-2850\" data-item-padding-1440=\"0 24%\" data-item-padding-1024=\"0 27.7%\" data-item-padding-480=\"0 9%\" style=\"background-image: url(https:\/\/semsibelli.com.tr\/wp-content\/uploads\/2019\/12\/Split-screen-img-7.jpg);padding: 0 32%;text-align: center\">\n    \t\t<div data-elementor-type=\"section\" data-elementor-id=\"3132\" class=\"elementor elementor-3132\">\n\t\t\t\t\t\t<section class=\"elementor-section elementor-top-section elementor-element elementor-element-2918fa9 elementor-section-boxed elementor-section-height-default elementor-section-height-default eltdf-parallax-row-no eltdf-content-aligment-left eltdf-elementor-row-grid-no eltdf-disabled-bg-image-bellow-no\" data-id=\"2918fa9\" data-element_type=\"section\" data-settings=\"{&quot;background_background&quot;:&quot;classic&quot;}\">\n\t\t\t\t\t\t<div class=\"elementor-container elementor-column-gap-default\">\n\t\t\t\t\t<div class=\"elementor-column elementor-col-100 elementor-top-column elementor-element elementor-element-3db309d\" data-id=\"3db309d\" data-element_type=\"column\">\n\t\t\t<div class=\"elementor-widget-wrap elementor-element-populated\">\n\t\t\t\t\t\t<div class=\"elementor-element elementor-element-0b2c543 elementor-widget elementor-widget-eltdf_custom_font\" data-id=\"0b2c543\" data-element_type=\"widget\" data-widget_type=\"eltdf_custom_font.default\">\n\t\t\t\t<div class=\"elementor-widget-container\">\n\t\t\t\t\t<h5 class=\"eltdf-custom-font-holder  eltdf-cf-4896  \" style=\"font-size: 29px;font-weight: 400;font-style: normal;letter-spacing: 0px;text-transform: none;text-align: center;margin: 0;transform: rotate(-12deg);-webkit-transform: rotate(-12deg);-ms-transform: rotate(-12deg)\" data-item-class=\"eltdf-cf-4896\">\n\t\u015eark\u0131 S\u00f6zleri<\/h5>\t\t\t\t<\/div>\n\t\t\t\t<\/div>\n\t\t\t\t<div class=\"elementor-element elementor-element-edce40b elementor-widget__width-auto elementor-widget elementor-widget-eltdf_button\" data-id=\"edce40b\" data-element_type=\"widget\" data-widget_type=\"eltdf_button.default\">\n\t\t\t\t<div class=\"elementor-widget-container\">\n\t\t\t\t\t<a itemprop=\"url\" href=\"https:\/\/laurent.qodeinteractive.com\/elementor\/product\/chicken-file\/\" target=\"_blank\"  class=\"eltdf-btn eltdf-btn-medium eltdf-btn-outline\"  >\n        <span class=\"eltdf-btn-text\">\u0130ncele<\/span>\n        <\/a>\t\t\t\t<\/div>\n\t\t\t\t<\/div>\n\t\t\t\t\t<\/div>\n\t\t<\/div>\n\t\t\t\t\t<\/div>\n\t\t<\/section>\n\t\t\t\t<\/div>\n\t\t<\/div>            <\/div>\n\n            <div class=\"eltdf-vss-ms-right\">\n                <div class=\"eltdf-vss-ms-section eltdf-vss-8077\" data-item-class=\"eltdf-vss-8077\" data-item-padding-1440=\"0 24%\" data-item-padding-1024=\"0 27.7%\" data-item-padding-480=\"0 9%\" style=\"background-image: url(https:\/\/semsibelli.com.tr\/wp-content\/uploads\/2019\/12\/Split-screen-img-2.jpg);padding: 0 32%;text-align: center\">\n    \t\t<div data-elementor-type=\"section\" data-elementor-id=\"3145\" class=\"elementor elementor-3145\">\n\t\t\t\t\t\t<section class=\"elementor-section elementor-top-section elementor-element elementor-element-ad2dd97 elementor-section-boxed elementor-section-height-default elementor-section-height-default eltdf-parallax-row-no eltdf-content-aligment-left eltdf-elementor-row-grid-no eltdf-disabled-bg-image-bellow-no\" data-id=\"ad2dd97\" data-element_type=\"section\" data-settings=\"{&quot;background_background&quot;:&quot;classic&quot;}\">\n\t\t\t\t\t\t<div class=\"elementor-container elementor-column-gap-default\">\n\t\t\t\t\t<div class=\"elementor-column elementor-col-100 elementor-top-column elementor-element elementor-element-879066e\" data-id=\"879066e\" data-element_type=\"column\">\n\t\t\t<div class=\"elementor-widget-wrap elementor-element-populated\">\n\t\t\t\t\t\t<div class=\"elementor-element elementor-element-b5236b3 elementor-widget elementor-widget-eltdf_custom_font\" data-id=\"b5236b3\" data-element_type=\"widget\" data-widget_type=\"eltdf_custom_font.default\">\n\t\t\t\t<div class=\"elementor-widget-container\">\n\t\t\t\t\t<h2 class=\"eltdf-custom-font-holder  eltdf-cf-6341  \" style=\"font-family: mrs saint delafield;font-size: 99px;font-weight: 400;font-style: normal;letter-spacing: 0px;text-transform: none;text-align: center;margin: 0;transform: rotate(-12deg);-webkit-transform: rotate(-12deg);-ms-transform: rotate(-12deg)\" data-item-class=\"eltdf-cf-6341\">\n\tWine<\/h2>\t\t\t\t<\/div>\n\t\t\t\t<\/div>\n\t\t\t\t<div class=\"elementor-element elementor-element-535fcad elementor-widget__width-auto elementor-widget elementor-widget-eltdf_button\" data-id=\"535fcad\" data-element_type=\"widget\" data-widget_type=\"eltdf_button.default\">\n\t\t\t\t<div class=\"elementor-widget-container\">\n\t\t\t\t\t<a itemprop=\"url\" href=\"https:\/\/laurent.qodeinteractive.com\/elementor\/product\/cake-recipes\/\" target=\"_blank\"  class=\"eltdf-btn eltdf-btn-medium eltdf-btn-outline\"  >\n        <span class=\"eltdf-btn-text\">View menu<\/span>\n        <\/a>\t\t\t\t<\/div>\n\t\t\t\t<\/div>\n\t\t\t\t\t<\/div>\n\t\t<\/div>\n\t\t\t\t\t<\/div>\n\t\t<\/section>\n\t\t\t\t<\/div>\n\t\t<\/div><div class=\"eltdf-vss-ms-section eltdf-vss-5174\" data-item-class=\"eltdf-vss-5174\" data-item-padding-1440=\"0 24%\" data-item-padding-1024=\"0 27.7%\" data-item-padding-480=\"0 9%\" style=\"background-image: url(https:\/\/semsibelli.com.tr\/wp-content\/uploads\/2019\/12\/Split-screen-img-4.jpg);padding: 0 32%;text-align: center\">\n    \t\t<div data-elementor-type=\"section\" data-elementor-id=\"3145\" class=\"elementor elementor-3145\">\n\t\t\t\t\t\t<section class=\"elementor-section elementor-top-section elementor-element elementor-element-ad2dd97 elementor-section-boxed elementor-section-height-default elementor-section-height-default eltdf-parallax-row-no eltdf-content-aligment-left eltdf-elementor-row-grid-no eltdf-disabled-bg-image-bellow-no\" data-id=\"ad2dd97\" data-element_type=\"section\" data-settings=\"{&quot;background_background&quot;:&quot;classic&quot;}\">\n\t\t\t\t\t\t<div class=\"elementor-container elementor-column-gap-default\">\n\t\t\t\t\t<div class=\"elementor-column elementor-col-100 elementor-top-column elementor-element elementor-element-879066e\" data-id=\"879066e\" data-element_type=\"column\">\n\t\t\t<div class=\"elementor-widget-wrap elementor-element-populated\">\n\t\t\t\t\t\t<div class=\"elementor-element elementor-element-b5236b3 elementor-widget elementor-widget-eltdf_custom_font\" data-id=\"b5236b3\" data-element_type=\"widget\" data-widget_type=\"eltdf_custom_font.default\">\n\t\t\t\t<div class=\"elementor-widget-container\">\n\t\t\t\t\t<h2 class=\"eltdf-custom-font-holder  eltdf-cf-2989  \" style=\"font-family: mrs saint delafield;font-size: 99px;font-weight: 400;font-style: normal;letter-spacing: 0px;text-transform: none;text-align: center;margin: 0;transform: rotate(-12deg);-webkit-transform: rotate(-12deg);-ms-transform: rotate(-12deg)\" data-item-class=\"eltdf-cf-2989\">\n\tWine<\/h2>\t\t\t\t<\/div>\n\t\t\t\t<\/div>\n\t\t\t\t<div class=\"elementor-element elementor-element-535fcad elementor-widget__width-auto elementor-widget elementor-widget-eltdf_button\" data-id=\"535fcad\" data-element_type=\"widget\" data-widget_type=\"eltdf_button.default\">\n\t\t\t\t<div class=\"elementor-widget-container\">\n\t\t\t\t\t<a itemprop=\"url\" href=\"https:\/\/laurent.qodeinteractive.com\/elementor\/product\/cake-recipes\/\" target=\"_blank\"  class=\"eltdf-btn eltdf-btn-medium eltdf-btn-outline\"  >\n        <span class=\"eltdf-btn-text\">View menu<\/span>\n        <\/a>\t\t\t\t<\/div>\n\t\t\t\t<\/div>\n\t\t\t\t\t<\/div>\n\t\t<\/div>\n\t\t\t\t\t<\/div>\n\t\t<\/section>\n\t\t\t\t<\/div>\n\t\t<\/div><div class=\"eltdf-vss-ms-section eltdf-vss-3413\" data-item-class=\"eltdf-vss-3413\" data-item-padding-1440=\"0 24%\" data-item-padding-1024=\"0 27.7%\" data-item-padding-480=\"0 9%\" style=\"background-image: url(https:\/\/semsibelli.com.tr\/wp-content\/uploads\/2019\/12\/Split-screen-img-6.jpg);padding: 0 32%;text-align: center\">\n    \t\t<div data-elementor-type=\"section\" data-elementor-id=\"3145\" class=\"elementor elementor-3145\">\n\t\t\t\t\t\t<section class=\"elementor-section elementor-top-section elementor-element elementor-element-ad2dd97 elementor-section-boxed elementor-section-height-default elementor-section-height-default eltdf-parallax-row-no eltdf-content-aligment-left eltdf-elementor-row-grid-no eltdf-disabled-bg-image-bellow-no\" data-id=\"ad2dd97\" data-element_type=\"section\" data-settings=\"{&quot;background_background&quot;:&quot;classic&quot;}\">\n\t\t\t\t\t\t<div class=\"elementor-container elementor-column-gap-default\">\n\t\t\t\t\t<div class=\"elementor-column elementor-col-100 elementor-top-column elementor-element elementor-element-879066e\" data-id=\"879066e\" data-element_type=\"column\">\n\t\t\t<div class=\"elementor-widget-wrap elementor-element-populated\">\n\t\t\t\t\t\t<div class=\"elementor-element elementor-element-b5236b3 elementor-widget elementor-widget-eltdf_custom_font\" data-id=\"b5236b3\" data-element_type=\"widget\" data-widget_type=\"eltdf_custom_font.default\">\n\t\t\t\t<div class=\"elementor-widget-container\">\n\t\t\t\t\t<h2 class=\"eltdf-custom-font-holder  eltdf-cf-1444  \" style=\"font-family: mrs saint delafield;font-size: 99px;font-weight: 400;font-style: normal;letter-spacing: 0px;text-transform: none;text-align: center;margin: 0;transform: rotate(-12deg);-webkit-transform: rotate(-12deg);-ms-transform: rotate(-12deg)\" data-item-class=\"eltdf-cf-1444\">\n\tWine<\/h2>\t\t\t\t<\/div>\n\t\t\t\t<\/div>\n\t\t\t\t<div class=\"elementor-element elementor-element-535fcad elementor-widget__width-auto elementor-widget elementor-widget-eltdf_button\" data-id=\"535fcad\" data-element_type=\"widget\" data-widget_type=\"eltdf_button.default\">\n\t\t\t\t<div class=\"elementor-widget-container\">\n\t\t\t\t\t<a itemprop=\"url\" href=\"https:\/\/laurent.qodeinteractive.com\/elementor\/product\/cake-recipes\/\" target=\"_blank\"  class=\"eltdf-btn eltdf-btn-medium eltdf-btn-outline\"  >\n        <span class=\"eltdf-btn-text\">View menu<\/span>\n        <\/a>\t\t\t\t<\/div>\n\t\t\t\t<\/div>\n\t\t\t\t\t<\/div>\n\t\t<\/div>\n\t\t\t\t\t<\/div>\n\t\t<\/section>\n\t\t\t\t<\/div>\n\t\t<\/div><div class=\"eltdf-vss-ms-section eltdf-vss-9866\" data-item-class=\"eltdf-vss-9866\" data-item-padding-1440=\"0 24%\" data-item-padding-1024=\"0 27.7%\" data-item-padding-480=\"0 9%\" style=\"background-image: url(https:\/\/semsibelli.com.tr\/wp-content\/uploads\/2019\/12\/Split-screen-img-8.jpg);padding: 0 32%;text-align: center\">\n    \t\t<div data-elementor-type=\"section\" data-elementor-id=\"3145\" class=\"elementor elementor-3145\">\n\t\t\t\t\t\t<section class=\"elementor-section elementor-top-section elementor-element elementor-element-ad2dd97 elementor-section-boxed elementor-section-height-default elementor-section-height-default eltdf-parallax-row-no eltdf-content-aligment-left eltdf-elementor-row-grid-no eltdf-disabled-bg-image-bellow-no\" data-id=\"ad2dd97\" data-element_type=\"section\" data-settings=\"{&quot;background_background&quot;:&quot;classic&quot;}\">\n\t\t\t\t\t\t<div class=\"elementor-container elementor-column-gap-default\">\n\t\t\t\t\t<div class=\"elementor-column elementor-col-100 elementor-top-column elementor-element elementor-element-879066e\" data-id=\"879066e\" data-element_type=\"column\">\n\t\t\t<div class=\"elementor-widget-wrap elementor-element-populated\">\n\t\t\t\t\t\t<div class=\"elementor-element elementor-element-b5236b3 elementor-widget elementor-widget-eltdf_custom_font\" data-id=\"b5236b3\" data-element_type=\"widget\" data-widget_type=\"eltdf_custom_font.default\">\n\t\t\t\t<div class=\"elementor-widget-container\">\n\t\t\t\t\t<h2 class=\"eltdf-custom-font-holder  eltdf-cf-6883  \" style=\"font-family: mrs saint delafield;font-size: 99px;font-weight: 400;font-style: normal;letter-spacing: 0px;text-transform: none;text-align: center;margin: 0;transform: rotate(-12deg);-webkit-transform: rotate(-12deg);-ms-transform: rotate(-12deg)\" data-item-class=\"eltdf-cf-6883\">\n\tWine<\/h2>\t\t\t\t<\/div>\n\t\t\t\t<\/div>\n\t\t\t\t<div class=\"elementor-element elementor-element-535fcad elementor-widget__width-auto elementor-widget elementor-widget-eltdf_button\" data-id=\"535fcad\" data-element_type=\"widget\" data-widget_type=\"eltdf_button.default\">\n\t\t\t\t<div class=\"elementor-widget-container\">\n\t\t\t\t\t<a itemprop=\"url\" href=\"https:\/\/laurent.qodeinteractive.com\/elementor\/product\/cake-recipes\/\" target=\"_blank\"  class=\"eltdf-btn eltdf-btn-medium eltdf-btn-outline\"  >\n        <span class=\"eltdf-btn-text\">View menu<\/span>\n        <\/a>\t\t\t\t<\/div>\n\t\t\t\t<\/div>\n\t\t\t\t\t<\/div>\n\t\t<\/div>\n\t\t\t\t\t<\/div>\n\t\t<\/section>\n\t\t\t\t<\/div>\n\t\t<\/div>            <\/div>\n            <div class=\"eltdf-vss-horizontal-mask\"><\/div>\n            <div class=\"eltdf-vss-vertical-mask\"><\/div>\n        <\/div>\n    \t\t\t\t<\/div>\n\t\t\t\t<\/div>\n\t\t\t\t\t<\/div>\n\t\t<\/div>\n\t\t\t\t\t<\/div>\n\t\t<\/section>\n\t\t\t\t<section class=\"elementor-section elementor-top-section elementor-element elementor-element-9f96b8c elementor-section-boxed elementor-section-height-default elementor-section-height-default eltdf-parallax-row-no eltdf-content-aligment-left eltdf-elementor-row-grid-no eltdf-disabled-bg-image-bellow-no\" data-id=\"9f96b8c\" data-element_type=\"section\">\n\t\t\t\t\t\t<div class=\"elementor-container elementor-column-gap-default\">\n\t\t\t\t\t<div class=\"elementor-column elementor-col-100 elementor-top-column elementor-element elementor-element-087facd\" data-id=\"087facd\" data-element_type=\"column\">\n\t\t\t<div class=\"elementor-widget-wrap elementor-element-populated\">\n\t\t\t\t\t\t<section class=\"elementor-section elementor-inner-section elementor-element elementor-element-cd7330b elementor-section-boxed elementor-section-height-default elementor-section-height-default eltdf-parallax-row-no eltdf-content-aligment-left eltdf-elementor-row-grid-no eltdf-disabled-bg-image-bellow-no\" data-id=\"cd7330b\" data-element_type=\"section\">\n\t\t\t\t\t\t<div class=\"elementor-container elementor-column-gap-default\">\n\t\t\t\t\t<div class=\"elementor-column elementor-col-50 elementor-inner-column elementor-element elementor-element-0eeedd9\" data-id=\"0eeedd9\" data-element_type=\"column\">\n\t\t\t<div class=\"elementor-widget-wrap\">\n\t\t\t\t\t\t\t<\/div>\n\t\t<\/div>\n\t\t\t\t<div class=\"elementor-column elementor-col-50 elementor-inner-column elementor-element elementor-element-92b4e0a\" data-id=\"92b4e0a\" data-element_type=\"column\">\n\t\t\t<div class=\"elementor-widget-wrap\">\n\t\t\t\t\t\t\t<\/div>\n\t\t<\/div>\n\t\t\t\t\t<\/div>\n\t\t<\/section>\n\t\t\t\t\t<\/div>\n\t\t<\/div>\n\t\t\t\t\t<\/div>\n\t\t<\/section>\n\t\t\t\t<\/div>\n\t\t","protected":false},"excerpt":{"rendered":"<p>Food View Menu Food View Menu Food View Menu Food View Menu Wine View menu Wine View menu Wine View menu Wine View menu<\/p>\n","protected":false},"author":1,"featured_media":0,"parent":0,"menu_order":0,"comment_status":"closed","ping_status":"closed","template":"full-width.php","meta":{"footnotes":""},"class_list":["post-3114","page","type-page","status-publish","hentry"],"_links":{"self":[{"href":"https:\/\/semsibelli.com.tr\/index.php\/wp-json\/wp\/v2\/pages\/3114","targetHints":{"allow":["GET"]}}],"collection":[{"href":"https:\/\/semsibelli.com.tr\/index.php\/wp-json\/wp\/v2\/pages"}],"about":[{"href":"https:\/\/semsibelli.com.tr\/index.php\/wp-json\/wp\/v2\/types\/page"}],"author":[{"embeddable":true,"href":"https:\/\/semsibelli.com.tr\/index.php\/wp-json\/wp\/v2\/users\/1"}],"replies":[{"embeddable":true,"href":"https:\/\/semsibelli.com.tr\/index.php\/wp-json\/wp\/v2\/comments?post=3114"}],"version-history":[{"count":4,"href":"https:\/\/semsibelli.com.tr\/index.php\/wp-json\/wp\/v2\/pages\/3114\/revisions"}],"predecessor-version":[{"id":4723,"href":"https:\/\/semsibelli.com.tr\/index.php\/wp-json\/wp\/v2\/pages\/3114\/revisions\/4723"}],"wp:attachment":[{"href":"https:\/\/semsibelli.com.tr\/index.php\/wp-json\/wp\/v2\/media?parent=3114"}],"curies":[{"name":"wp","href":"https:\/\/api.w.org\/{rel}","templated":true}]}}