{"id":3844,"date":"2020-04-30T19:24:19","date_gmt":"2020-04-30T19:24:19","guid":{"rendered":"https:\/\/laurent.qodeinteractive.com\/elementor\/?page_id=3844"},"modified":"2020-04-30T19:24:19","modified_gmt":"2020-04-30T19:24:19","slug":"two-columns-portfolio","status":"publish","type":"page","link":"https:\/\/semsibelli.com.tr\/index.php\/two-columns-portfolio\/","title":{"rendered":"Two Columns Portfolio"},"content":{"rendered":"\t\t<div data-elementor-type=\"wp-page\" data-elementor-id=\"3844\" class=\"elementor elementor-3844\">\n\t\t\t\t\t\t<section class=\"elementor-section elementor-top-section elementor-element elementor-element-2ef8a14 eltdf-elementor-row-grid-section elementor-section-boxed elementor-section-height-default elementor-section-height-default eltdf-parallax-row-no eltdf-content-aligment-left eltdf-disabled-bg-image-bellow-no\" data-id=\"2ef8a14\" data-element_type=\"section\">\n\t\t\t\t\t\t<div class=\"elementor-container elementor-column-gap-default\">\n\t\t\t\t\t<div class=\"elementor-column elementor-col-100 elementor-top-column elementor-element elementor-element-b0b98ef\" data-id=\"b0b98ef\" data-element_type=\"column\">\n\t\t\t<div class=\"elementor-widget-wrap elementor-element-populated\">\n\t\t\t\t\t\t<div class=\"elementor-element elementor-element-d40cea9 elementor-widget elementor-widget-eltdf_portfolio_list\" data-id=\"d40cea9\" data-element_type=\"widget\" data-widget_type=\"eltdf_portfolio_list.default\">\n\t\t\t\t<div class=\"elementor-widget-container\">\n\t\t\t\t\t<div class=\"eltdf-portfolio-list-holder eltdf-grid-list eltdf-pl-gallery eltdf-two-columns eltdf-normal-space eltdf-disable-bottom-space eltdf-pl-gallery-overlay    eltdf-pl-pag-standard eltdf-pl-has-filter      \"  data-type=gallery data-number-of-columns=two data-space-between-items=normal data-number-of-items=8 data-image-proportions=full data-custom-image-width= data-custom-image-height= data-enable-fixed-proportions= data-enable-image-shadow=no data-category=food data-orderby=date data-order=ASC data-item-style=gallery-overlay data-content-top-margin= data-content-bottom-margin= data-enable-title=yes data-title-tag=h5 data-enable-category=yes data-enable-count-images=yes data-enable-excerpt=no data-excerpt-length= data-pagination-type=standard data-load-more-top-margin= data-filter=yes data-filter-order-by=name data-enable-article-animation=no data-portfolio-slider-on=no data-enable-loop=yes data-enable-autoplay=yes data-slider-speed=5000 data-slider-speed-animation=600 data-enable-navigation=yes data-enable-pagination=yes data-max-num-pages=2 data-next-page=2>\n\t\t<div class=\"eltdf-pl-filter-holder\" >\n\t\t<div class=\"eltdf-plf-inner\">\n\t\t\t\t\t\t\t<ul >\n\t\t\t\t\t<li class=\"eltdf-pl-filter\" data-filter=\"\">\n\t\t\t\t\t\t<span>Show all<\/span>\n\t\t\t\t\t<\/li>\n\t\t\t\t\t\t\t\t\t\t\t<li class=\"eltdf-pl-filter\" data-filter=\".portfolio-category-semsi-belli\">\n\t\t\t\t\t\t\t<span>\u015eemsi Belli<\/span>\n\t\t\t\t\t\t<\/li>\n\t\t\t\t\t\t\t\t\t<\/ul>\n\t\t\t\t\t<\/div>\n\t<\/div>\n\t<div class=\"eltdf-pl-inner eltdf-outer-space  clearfix\">\n\t\t<article class=\"eltdf-pl-item eltdf-item-space  post-4631 portfolio-item type-portfolio-item status-publish has-post-thumbnail hentry portfolio-category-semsi-belli\">\n\t<div class=\"eltdf-pl-item-inner\">\n\t\t<div class=\"eltdf-pli-image\">\n\t<img fetchpriority=\"high\" decoding=\"async\" width=\"888\" height=\"600\" src=\"https:\/\/semsibelli.com.tr\/wp-content\/uploads\/2023\/07\/semsi-belli-hayati-eserleri-kimdir-semsibellicomtr1.jpg\" class=\"attachment-full size-full wp-post-image\" alt=\"\" srcset=\"https:\/\/semsibelli.com.tr\/wp-content\/uploads\/2023\/07\/semsi-belli-hayati-eserleri-kimdir-semsibellicomtr1.jpg 888w, https:\/\/semsibelli.com.tr\/wp-content\/uploads\/2023\/07\/semsi-belli-hayati-eserleri-kimdir-semsibellicomtr1-300x203.jpg 300w, https:\/\/semsibelli.com.tr\/wp-content\/uploads\/2023\/07\/semsi-belli-hayati-eserleri-kimdir-semsibellicomtr1-768x519.jpg 768w, https:\/\/semsibelli.com.tr\/wp-content\/uploads\/2023\/07\/semsi-belli-hayati-eserleri-kimdir-semsibellicomtr1-600x405.jpg 600w\" sizes=\"(max-width: 888px) 100vw, 888px\" \/><\/div>\n<div class=\"eltdf-pli-text-holder\">\n\t<div class=\"eltdf-pli-text-wrapper\">\n\t\t<div class=\"eltdf-pli-text\">\n\t\t\t\t<h5 itemprop=\"name\" class=\"eltdf-pli-title entry-title\" >\n\t\tYAZAR K\u0130\u015e\u0130L\u0130\u011e\u0130\t<\/h5>\n\n\t\t\t\t\t<div class=\"eltdf-pli-category-holder\">\n\t\t\t\t\t\t\t<a itemprop=\"url\" class=\"eltdf-pli-category\" href=\"https:\/\/semsibelli.com.tr\/index.php\/portfolio-category\/semsi-belli\/\">\u015eemsi Belli<\/a>\n\t\t\t\t\t<\/div>\n\t\n\t\t\t\t\t\t\n\t\t\t\t\t<\/div>\n\t<\/div>\n<\/div>\n\t\t<a itemprop=\"url\" class=\"eltdf-pli-link eltdf-block-drag-link\" href=\"https:\/\/semsibelli.com.tr\/index.php\/portfolio-item\/yazar-kisiligi\/\" target=\"_self\"><\/a>\n\t<\/div>\n<\/article><article class=\"eltdf-pl-item eltdf-item-space  post-4769 portfolio-item type-portfolio-item status-publish has-post-thumbnail hentry portfolio-category-semsi-belli\">\n\t<div class=\"eltdf-pl-item-inner\">\n\t\t<div class=\"eltdf-pli-image\">\n\t<img decoding=\"async\" width=\"1280\" height=\"853\" src=\"https:\/\/semsibelli.com.tr\/wp-content\/uploads\/2023\/09\/Buyuk-1-SANATCI-KISILIGI-3.jpeg\" class=\"attachment-full size-full wp-post-image\" alt=\"\" srcset=\"https:\/\/semsibelli.com.tr\/wp-content\/uploads\/2023\/09\/Buyuk-1-SANATCI-KISILIGI-3.jpeg 1280w, https:\/\/semsibelli.com.tr\/wp-content\/uploads\/2023\/09\/Buyuk-1-SANATCI-KISILIGI-3-300x200.jpeg 300w, https:\/\/semsibelli.com.tr\/wp-content\/uploads\/2023\/09\/Buyuk-1-SANATCI-KISILIGI-3-1024x682.jpeg 1024w, https:\/\/semsibelli.com.tr\/wp-content\/uploads\/2023\/09\/Buyuk-1-SANATCI-KISILIGI-3-768x512.jpeg 768w, https:\/\/semsibelli.com.tr\/wp-content\/uploads\/2023\/09\/Buyuk-1-SANATCI-KISILIGI-3-600x400.jpeg 600w\" sizes=\"(max-width: 1280px) 100vw, 1280px\" \/><\/div>\n<div class=\"eltdf-pli-text-holder\">\n\t<div class=\"eltdf-pli-text-wrapper\">\n\t\t<div class=\"eltdf-pli-text\">\n\t\t\t\t<h5 itemprop=\"name\" class=\"eltdf-pli-title entry-title\" >\n\t\tSANAT\u00c7I K\u0130\u015e\u0130L\u0130\u011e\u0130\t<\/h5>\n\n\t\t\t\t\t<div class=\"eltdf-pli-category-holder\">\n\t\t\t\t\t\t\t<a itemprop=\"url\" class=\"eltdf-pli-category\" href=\"https:\/\/semsibelli.com.tr\/index.php\/portfolio-category\/semsi-belli\/\">\u015eemsi Belli<\/a>\n\t\t\t\t\t<\/div>\n\t\n\t\t\t\t\t\t\n\t\t\t\t\t<\/div>\n\t<\/div>\n<\/div>\n\t\t<a itemprop=\"url\" class=\"eltdf-pli-link eltdf-block-drag-link\" href=\"https:\/\/semsibelli.com.tr\/index.php\/portfolio-item\/sanatci-kisiligi\/\" target=\"_self\"><\/a>\n\t<\/div>\n<\/article><article class=\"eltdf-pl-item eltdf-item-space  post-1553 portfolio-item type-portfolio-item status-publish has-post-thumbnail hentry portfolio-category-semsi-belli portfolio-tag-recipes portfolio-tag-tasty\">\n\t<div class=\"eltdf-pl-item-inner\">\n\t\t<div class=\"eltdf-pli-image\">\n\t<img decoding=\"async\" width=\"888\" height=\"600\" src=\"https:\/\/semsibelli.com.tr\/wp-content\/uploads\/2023\/07\/semsi-belli-hayati-eserleri-kimdir-semsibellicomtr6.jpg\" class=\"attachment-full size-full wp-post-image\" alt=\"\" srcset=\"https:\/\/semsibelli.com.tr\/wp-content\/uploads\/2023\/07\/semsi-belli-hayati-eserleri-kimdir-semsibellicomtr6.jpg 888w, https:\/\/semsibelli.com.tr\/wp-content\/uploads\/2023\/07\/semsi-belli-hayati-eserleri-kimdir-semsibellicomtr6-300x203.jpg 300w, https:\/\/semsibelli.com.tr\/wp-content\/uploads\/2023\/07\/semsi-belli-hayati-eserleri-kimdir-semsibellicomtr6-768x519.jpg 768w, https:\/\/semsibelli.com.tr\/wp-content\/uploads\/2023\/07\/semsi-belli-hayati-eserleri-kimdir-semsibellicomtr6-600x405.jpg 600w\" sizes=\"(max-width: 888px) 100vw, 888px\" \/><\/div>\n<div class=\"eltdf-pli-text-holder\">\n\t<div class=\"eltdf-pli-text-wrapper\">\n\t\t<div class=\"eltdf-pli-text\">\n\t\t\t\t<h5 itemprop=\"name\" class=\"eltdf-pli-title entry-title\" >\n\t\tYA\u015eAM \u00d6YK\u00dcS\u00dc\t<\/h5>\n\n\t\t\t\t\t<div class=\"eltdf-pli-category-holder\">\n\t\t\t\t\t\t\t<a itemprop=\"url\" class=\"eltdf-pli-category\" href=\"https:\/\/semsibelli.com.tr\/index.php\/portfolio-category\/semsi-belli\/\">\u015eemsi Belli<\/a>\n\t\t\t\t\t<\/div>\n\t\n\t\t\t\t\t\t\n\t\t\t\t\t<\/div>\n\t<\/div>\n<\/div>\n\t\t<a itemprop=\"url\" class=\"eltdf-pli-link eltdf-block-drag-link\" href=\"https:\/\/semsibelli.com.tr\/index.php\/portfolio-item\/yasam-oykusu\/\" target=\"_self\"><\/a>\n\t<\/div>\n<\/article><article class=\"eltdf-pl-item eltdf-item-space  post-4629 portfolio-item type-portfolio-item status-publish has-post-thumbnail hentry portfolio-category-semsi-belli portfolio-tag-recipes portfolio-tag-tasty\">\n\t<div class=\"eltdf-pl-item-inner\">\n\t\t<div class=\"eltdf-pli-image\">\n\t<img loading=\"lazy\" decoding=\"async\" width=\"888\" height=\"600\" src=\"https:\/\/semsibelli.com.tr\/wp-content\/uploads\/2023\/07\/semsi-belli-hayati-eserleri-kimdir-semsibellicomtr8.jpg\" class=\"attachment-full size-full wp-post-image\" alt=\"\" srcset=\"https:\/\/semsibelli.com.tr\/wp-content\/uploads\/2023\/07\/semsi-belli-hayati-eserleri-kimdir-semsibellicomtr8.jpg 888w, https:\/\/semsibelli.com.tr\/wp-content\/uploads\/2023\/07\/semsi-belli-hayati-eserleri-kimdir-semsibellicomtr8-300x203.jpg 300w, https:\/\/semsibelli.com.tr\/wp-content\/uploads\/2023\/07\/semsi-belli-hayati-eserleri-kimdir-semsibellicomtr8-768x519.jpg 768w, https:\/\/semsibelli.com.tr\/wp-content\/uploads\/2023\/07\/semsi-belli-hayati-eserleri-kimdir-semsibellicomtr8-600x405.jpg 600w\" sizes=\"(max-width: 888px) 100vw, 888px\" \/><\/div>\n<div class=\"eltdf-pli-text-holder\">\n\t<div class=\"eltdf-pli-text-wrapper\">\n\t\t<div class=\"eltdf-pli-text\">\n\t\t\t\t<h5 itemprop=\"name\" class=\"eltdf-pli-title entry-title\" >\n\t\t\u015eA\u0130R K\u0130\u015e\u0130L\u0130\u011e\u0130\t<\/h5>\n\n\t\t\t\t\t<div class=\"eltdf-pli-category-holder\">\n\t\t\t\t\t\t\t<a itemprop=\"url\" class=\"eltdf-pli-category\" href=\"https:\/\/semsibelli.com.tr\/index.php\/portfolio-category\/semsi-belli\/\">\u015eemsi Belli<\/a>\n\t\t\t\t\t<\/div>\n\t\n\t\t\t\t\t\t\n\t\t\t\t\t<\/div>\n\t<\/div>\n<\/div>\n\t\t<a itemprop=\"url\" class=\"eltdf-pli-link eltdf-block-drag-link\" href=\"https:\/\/semsibelli.com.tr\/index.php\/portfolio-item\/sair-kisiligi\/\" target=\"_self\"><\/a>\n\t<\/div>\n<\/article><article class=\"eltdf-pl-item eltdf-item-space  post-4633 portfolio-item type-portfolio-item status-publish has-post-thumbnail hentry portfolio-category-semsi-belli\">\n\t<div class=\"eltdf-pl-item-inner\">\n\t\t<div class=\"eltdf-pli-image\">\n\t<img loading=\"lazy\" decoding=\"async\" width=\"1280\" height=\"709\" src=\"https:\/\/semsibelli.com.tr\/wp-content\/uploads\/2023\/07\/semsibelli-programyapimcisi.jpeg\" class=\"attachment-full size-full wp-post-image\" alt=\"\" srcset=\"https:\/\/semsibelli.com.tr\/wp-content\/uploads\/2023\/07\/semsibelli-programyapimcisi.jpeg 1280w, https:\/\/semsibelli.com.tr\/wp-content\/uploads\/2023\/07\/semsibelli-programyapimcisi-300x166.jpeg 300w, https:\/\/semsibelli.com.tr\/wp-content\/uploads\/2023\/07\/semsibelli-programyapimcisi-1024x567.jpeg 1024w, https:\/\/semsibelli.com.tr\/wp-content\/uploads\/2023\/07\/semsibelli-programyapimcisi-768x425.jpeg 768w, https:\/\/semsibelli.com.tr\/wp-content\/uploads\/2023\/07\/semsibelli-programyapimcisi-600x332.jpeg 600w\" sizes=\"(max-width: 1280px) 100vw, 1280px\" \/><\/div>\n<div class=\"eltdf-pli-text-holder\">\n\t<div class=\"eltdf-pli-text-wrapper\">\n\t\t<div class=\"eltdf-pli-text\">\n\t\t\t\t<h5 itemprop=\"name\" class=\"eltdf-pli-title entry-title\" >\n\t\tPROGRAM YAPIMCISI\t<\/h5>\n\n\t\t\t\t\t<div class=\"eltdf-pli-category-holder\">\n\t\t\t\t\t\t\t<a itemprop=\"url\" class=\"eltdf-pli-category\" href=\"https:\/\/semsibelli.com.tr\/index.php\/portfolio-category\/semsi-belli\/\">\u015eemsi Belli<\/a>\n\t\t\t\t\t<\/div>\n\t\n\t\t\t\t\t\t\n\t\t\t\t\t<\/div>\n\t<\/div>\n<\/div>\n\t\t<a itemprop=\"url\" class=\"eltdf-pli-link eltdf-block-drag-link\" href=\"https:\/\/semsibelli.com.tr\/index.php\/portfolio-item\/program-yapimcisi\/\" target=\"_self\"><\/a>\n\t<\/div>\n<\/article><article class=\"eltdf-pl-item eltdf-item-space  post-4635 portfolio-item type-portfolio-item status-publish has-post-thumbnail hentry portfolio-category-semsi-belli\">\n\t<div class=\"eltdf-pl-item-inner\">\n\t\t<div class=\"eltdf-pli-image\">\n\t<img loading=\"lazy\" decoding=\"async\" width=\"888\" height=\"600\" src=\"https:\/\/semsibelli.com.tr\/wp-content\/uploads\/2023\/07\/semsi-belli-hayati-eserleri-kimdir-semsibellicomtr13.jpg\" class=\"attachment-full size-full wp-post-image\" alt=\"\" srcset=\"https:\/\/semsibelli.com.tr\/wp-content\/uploads\/2023\/07\/semsi-belli-hayati-eserleri-kimdir-semsibellicomtr13.jpg 888w, https:\/\/semsibelli.com.tr\/wp-content\/uploads\/2023\/07\/semsi-belli-hayati-eserleri-kimdir-semsibellicomtr13-300x203.jpg 300w, https:\/\/semsibelli.com.tr\/wp-content\/uploads\/2023\/07\/semsi-belli-hayati-eserleri-kimdir-semsibellicomtr13-768x519.jpg 768w, https:\/\/semsibelli.com.tr\/wp-content\/uploads\/2023\/07\/semsi-belli-hayati-eserleri-kimdir-semsibellicomtr13-600x405.jpg 600w\" sizes=\"(max-width: 888px) 100vw, 888px\" \/><\/div>\n<div class=\"eltdf-pli-text-holder\">\n\t<div class=\"eltdf-pli-text-wrapper\">\n\t\t<div class=\"eltdf-pli-text\">\n\t\t\t\t<h5 itemprop=\"name\" class=\"eltdf-pli-title entry-title\" >\n\t\tGAZETE YAZARLI\u011eI\t<\/h5>\n\n\t\t\t\t\t<div class=\"eltdf-pli-category-holder\">\n\t\t\t\t\t\t\t<a itemprop=\"url\" class=\"eltdf-pli-category\" href=\"https:\/\/semsibelli.com.tr\/index.php\/portfolio-category\/semsi-belli\/\">\u015eemsi Belli<\/a>\n\t\t\t\t\t<\/div>\n\t\n\t\t\t\t\t\t\n\t\t\t\t\t<\/div>\n\t<\/div>\n<\/div>\n\t\t<a itemprop=\"url\" class=\"eltdf-pli-link eltdf-block-drag-link\" href=\"https:\/\/semsibelli.com.tr\/index.php\/portfolio-item\/gazete-yazarligi\/\" target=\"_self\"><\/a>\n\t<\/div>\n<\/article><article class=\"eltdf-pl-item eltdf-item-space  post-4637 portfolio-item type-portfolio-item status-publish has-post-thumbnail hentry portfolio-category-semsi-belli\">\n\t<div class=\"eltdf-pl-item-inner\">\n\t\t<div class=\"eltdf-pli-image\">\n\t<img loading=\"lazy\" decoding=\"async\" width=\"888\" height=\"600\" src=\"https:\/\/semsibelli.com.tr\/wp-content\/uploads\/2023\/07\/semsi-belli-hayati-eserleri-kimdir-semsibellicomtr16.jpg\" class=\"attachment-full size-full wp-post-image\" alt=\"\" srcset=\"https:\/\/semsibelli.com.tr\/wp-content\/uploads\/2023\/07\/semsi-belli-hayati-eserleri-kimdir-semsibellicomtr16.jpg 888w, https:\/\/semsibelli.com.tr\/wp-content\/uploads\/2023\/07\/semsi-belli-hayati-eserleri-kimdir-semsibellicomtr16-300x203.jpg 300w, https:\/\/semsibelli.com.tr\/wp-content\/uploads\/2023\/07\/semsi-belli-hayati-eserleri-kimdir-semsibellicomtr16-768x519.jpg 768w, https:\/\/semsibelli.com.tr\/wp-content\/uploads\/2023\/07\/semsi-belli-hayati-eserleri-kimdir-semsibellicomtr16-600x405.jpg 600w\" sizes=\"(max-width: 888px) 100vw, 888px\" \/><\/div>\n<div class=\"eltdf-pli-text-holder\">\n\t<div class=\"eltdf-pli-text-wrapper\">\n\t\t<div class=\"eltdf-pli-text\">\n\t\t\t\t<h5 itemprop=\"name\" class=\"eltdf-pli-title entry-title\" >\n\t\tGAZETE KURUCU VE SAH\u0130B\u0130\t<\/h5>\n\n\t\t\t\t\t<div class=\"eltdf-pli-category-holder\">\n\t\t\t\t\t\t\t<a itemprop=\"url\" class=\"eltdf-pli-category\" href=\"https:\/\/semsibelli.com.tr\/index.php\/portfolio-category\/semsi-belli\/\">\u015eemsi Belli<\/a>\n\t\t\t\t\t<\/div>\n\t\n\t\t\t\t\t\t\n\t\t\t\t\t<\/div>\n\t<\/div>\n<\/div>\n\t\t<a itemprop=\"url\" class=\"eltdf-pli-link eltdf-block-drag-link\" href=\"https:\/\/semsibelli.com.tr\/index.php\/portfolio-item\/gazete-kurucu-ve-sahibi\/\" target=\"_self\"><\/a>\n\t<\/div>\n<\/article><article class=\"eltdf-pl-item eltdf-item-space  post-4639 portfolio-item type-portfolio-item status-publish has-post-thumbnail hentry portfolio-category-semsi-belli\">\n\t<div class=\"eltdf-pl-item-inner\">\n\t\t<div class=\"eltdf-pli-image\">\n\t<img loading=\"lazy\" decoding=\"async\" width=\"888\" height=\"600\" src=\"https:\/\/semsibelli.com.tr\/wp-content\/uploads\/2023\/07\/semsi-belli-hayati-eserleri-kimdir-semsibellicomtr12.jpg\" class=\"attachment-full size-full wp-post-image\" alt=\"\" srcset=\"https:\/\/semsibelli.com.tr\/wp-content\/uploads\/2023\/07\/semsi-belli-hayati-eserleri-kimdir-semsibellicomtr12.jpg 888w, https:\/\/semsibelli.com.tr\/wp-content\/uploads\/2023\/07\/semsi-belli-hayati-eserleri-kimdir-semsibellicomtr12-300x203.jpg 300w, https:\/\/semsibelli.com.tr\/wp-content\/uploads\/2023\/07\/semsi-belli-hayati-eserleri-kimdir-semsibellicomtr12-768x519.jpg 768w, https:\/\/semsibelli.com.tr\/wp-content\/uploads\/2023\/07\/semsi-belli-hayati-eserleri-kimdir-semsibellicomtr12-600x405.jpg 600w\" sizes=\"(max-width: 888px) 100vw, 888px\" \/><\/div>\n<div class=\"eltdf-pli-text-holder\">\n\t<div class=\"eltdf-pli-text-wrapper\">\n\t\t<div class=\"eltdf-pli-text\">\n\t\t\t\t<h5 itemprop=\"name\" class=\"eltdf-pli-title entry-title\" >\n\t\tHALK\u00c7I AYDIN K\u0130\u015e\u0130L\u0130\u011e\u0130\t<\/h5>\n\n\t\t\t\t\t<div class=\"eltdf-pli-category-holder\">\n\t\t\t\t\t\t\t<a itemprop=\"url\" class=\"eltdf-pli-category\" href=\"https:\/\/semsibelli.com.tr\/index.php\/portfolio-category\/semsi-belli\/\">\u015eemsi Belli<\/a>\n\t\t\t\t\t<\/div>\n\t\n\t\t\t\t\t\t\n\t\t\t\t\t<\/div>\n\t<\/div>\n<\/div>\n\t\t<a itemprop=\"url\" class=\"eltdf-pli-link eltdf-block-drag-link\" href=\"https:\/\/semsibelli.com.tr\/index.php\/portfolio-item\/halkci-aydin-kisiligi\/\" target=\"_self\"><\/a>\n\t<\/div>\n<\/article>\t<\/div>\n        \t\t<div class=\"eltdf-pl-loading\">\n\t\t<div class=\"eltdf-pl-loading-bounce1\"><\/div>\n\t\t<div class=\"eltdf-pl-loading-bounce2\"><\/div>\n\t\t<div class=\"eltdf-pl-loading-bounce3\"><\/div>\n\t<\/div>\n\t\t\t<div class=\"eltdf-pl-standard-pagination\">\n\t\t\t<ul>\n\t\t\t\t<li class=\"eltdf-pag-prev\">\n\t\t\t\t\t<a href=\"#\" data-paged=\"1\">\n                        <svg xmlns=\"http:\/\/www.w3.org\/2000\/svg\" xmlns:xlink=\"http:\/\/www.w3.org\/1999\/xlink\" x=\"0px\" y=\"0px\" width=\"10px\" height=\"11px\" viewBox=\"0 0 8.328 8.453\" enable-background=\"new 0 0 8.328 8.453\" xml:space=\"preserve\">\n                    <polyline fill=\"none\" stroke=\"#C6A270\" stroke-miterlimit=\"10\" points=\"0.449,0.36 3.587,4.234 0.449,8.109 \"\/>\n                    <polyline fill=\"none\" stroke=\"#C6A270\" stroke-miterlimit=\"10\" points=\"4.514,0.36 7.652,4.234 4.514,8.109 \"\/>\n                <\/svg>                    <\/a>\n\t\t\t\t<\/li>\n\t\t\t\t\t\t\t\t\t\t\t\t\t\t<li class=\"eltdf-pag-number eltdf-pag-active\">\n\t\t\t\t\t\t<a href=\"#\" data-paged=\"1\">1<\/a>\n\t\t\t\t\t<\/li>\n\t\t\t\t\t\t\t\t\t\t\t\t\t\t<li class=\"eltdf-pag-number \">\n\t\t\t\t\t\t<a href=\"#\" data-paged=\"2\">2<\/a>\n\t\t\t\t\t<\/li>\n\t\t\t\t\t\t\t\t<li class=\"eltdf-pag-next\">\n\t\t\t\t\t<a href=\"#\" data-paged=\"2\">\n                        <svg xmlns=\"http:\/\/www.w3.org\/2000\/svg\" xmlns:xlink=\"http:\/\/www.w3.org\/1999\/xlink\" x=\"0px\" y=\"0px\" width=\"10px\" height=\"11px\" viewBox=\"0 0 8.328 8.453\" enable-background=\"new 0 0 8.328 8.453\" xml:space=\"preserve\">\n                    <polyline fill=\"none\" stroke=\"#C6A270\" stroke-miterlimit=\"10\" points=\"0.449,0.36 3.587,4.234 0.449,8.109 \"\/>\n                    <polyline fill=\"none\" stroke=\"#C6A270\" stroke-miterlimit=\"10\" points=\"4.514,0.36 7.652,4.234 4.514,8.109 \"\/>\n                <\/svg>                    <\/a>\n\t\t\t\t<\/li>\n\t\t\t<\/ul>\n\t\t<\/div>\n\t<\/div>\t\t\t\t<\/div>\n\t\t\t\t<\/div>\n\t\t\t\t\t<\/div>\n\t\t<\/div>\n\t\t\t\t\t<\/div>\n\t\t<\/section>\n\t\t\t\t<\/div>\n\t\t","protected":false},"excerpt":{"rendered":"<p>Show all Desserts Main Courses Recipes Coffee Cocktail Recipes Shrimp Pasta Main Courses Beef Steak Recipes Punch Party Recipes Chicken file Main Courses Italian Pasta Recipes New Recipes Main Courses Refreshing Drink Food 1 2<\/p>\n","protected":false},"author":1,"featured_media":0,"parent":0,"menu_order":0,"comment_status":"closed","ping_status":"closed","template":"full-width.php","meta":{"footnotes":""},"class_list":["post-3844","page","type-page","status-publish","hentry"],"_links":{"self":[{"href":"https:\/\/semsibelli.com.tr\/index.php\/wp-json\/wp\/v2\/pages\/3844","targetHints":{"allow":["GET"]}}],"collection":[{"href":"https:\/\/semsibelli.com.tr\/index.php\/wp-json\/wp\/v2\/pages"}],"about":[{"href":"https:\/\/semsibelli.com.tr\/index.php\/wp-json\/wp\/v2\/types\/page"}],"author":[{"embeddable":true,"href":"https:\/\/semsibelli.com.tr\/index.php\/wp-json\/wp\/v2\/users\/1"}],"replies":[{"embeddable":true,"href":"https:\/\/semsibelli.com.tr\/index.php\/wp-json\/wp\/v2\/comments?post=3844"}],"version-history":[{"count":0,"href":"https:\/\/semsibelli.com.tr\/index.php\/wp-json\/wp\/v2\/pages\/3844\/revisions"}],"wp:attachment":[{"href":"https:\/\/semsibelli.com.tr\/index.php\/wp-json\/wp\/v2\/media?parent=3844"}],"curies":[{"name":"wp","href":"https:\/\/api.w.org\/{rel}","templated":true}]}}